{"id":5,"date":"2017-07-28T11:06:39","date_gmt":"2017-07-28T11:06:39","guid":{"rendered":"https:\/\/demos.artbees.net\/jupiter\/amphion\/?page_id=5"},"modified":"2018-03-23T16:59:43","modified_gmt":"2018-03-23T15:59:43","slug":"home","status":"publish","type":"page","link":"http:\/\/gum-catering.de\/catering\/","title":{"rendered":"Home"},"content":{"rendered":"[mk_page_section bg_position=&#8220;center center&#8220; bg_repeat=&#8220;no-repeat&#8220; bg_stretch=&#8220;true&#8220; min_height=&#8220;1150&#8243; sidebar=&#8220;sidebar-1&#8243;][vc_column][rev_slider_vc alias=&#8220;header&#8220;][\/vc_column][\/mk_page_section][vc_row][vc_column][mk_padding_divider size=&#8220;30&#8243; visibility=&#8220;hidden-sm&#8220;][\/vc_column][\/vc_row][mk_page_section layout_structure=&#8220;half_right&#8220; bg_image=&#8220;http:\/\/gum-catering.de\/catering\/wp-content\/uploads\/2018\/03\/dsc_3679.jpg&#8220; bg_color=&#8220;#000000&#8243; min_height=&#8220;740&#8243;][vc_column][mk_padding_divider size=&#8220;50&#8243; visibility=&#8220;hidden-sm&#8220;][mk_fancy_title tag_name=&#8220;h3&#8243; color=&#8220;#00998f&#8220; size=&#8220;62&#8243; force_font_size=&#8220;true&#8220; size_tablet=&#8220;50&#8243; size_phone=&#8220;65&#8243; font_weight=&#8220;400&#8243; txt_transform=&#8220;capitalize&#8220; font_family=&#8220;Niconne&#8220; font_type=&#8220;google&#8220;]\u00fcber uns[\/mk_fancy_title][mk_fancy_title tag_name=&#8220;span&#8220; color=&#8220;#ffffff&#8220; size=&#8220;20&#8243; force_font_size=&#8220;true&#8220; size_tablet=&#8220;16&#8243; size_phone=&#8220;20&#8243; line_height=&#8220;170&#8243; font_weight=&#8220;400&#8243; font_style=&#8220;normal&#8220; txt_transform=&#8220;none&#8220; font_family=&#8220;Lato&#8220; font_type=&#8220;google&#8220;]\n<p class=\"Stil40\">Sie suchen f\u00fcr Ihre Veranstaltung mehr als nur gutes Essen und wollen Ihre G\u00e4ste mit originellen Speisen und Perfektem Service begeistern? Mit GUM Eventcatering\/Musik Meisinger wird Ihr Event zum unvergesslichen Ereignis. Es darf auch ein bisschen mehr sein? Sprechen Sie uns an und nutzen Sie unseren 360 Grad Eventservice. Selbstverst\u00e4ndlich erhalten Sie von uns alles, was zu einer Veranstaltung dazu geh\u00f6rt.<\/p>\n<p class=\"Stil40\">Dabei k\u00f6nnen wir auf einen reichen, eigenen Fundus zur\u00fcckgreifen: Wir k\u00fcmmern uns um Licht und Tontechnik, B\u00fchnen, Medientechnik, K\u00fcnstler, Schirme, Tresen und Zapfanlagen. Kinderh\u00fcpfburg, K\u00fcnstlervermittlung sowie die Bereitstellung von verschiedenen M\u00f6belvon Bistro-Stehtischen und Loungem\u00f6beln runden unser Angebot ab.<\/p>\n<p class=\"Stil40\">Unser Team passt sich an Ihre Veranstaltung an egal ob elegant oder Themenveranstaltung. Je nach Gr\u00f6\u00dfe der Veranstaltung und dem zur Verf\u00fcgung stehenden Budget planen wir gemeinsam mit Ihnen den Einsatz des erforderlichen Equipments und k\u00fcmmern uns um den gesamten Service vom Transport, \u00fcber den Auf- und Abbau bis hin zur technischen Betreuung.<\/p>\n<p class=\"Stil40\">Wo wir Individuell Ihre Veranstaltung gestalten vom Fingerfood \u00fcber Themen Buffet bis zur s\u00fc\u00dfen Verf\u00fchrungen setzen wir keine Grenzen um f\u00fcr Sie den perfekten Abend zu gestalten.<\/p>\n[\/mk_fancy_title][mk_padding_divider size=&#8220;60&#8243;][\/vc_column][\/mk_page_section][vc_row fullwidth=&#8220;true&#8220; equal_columns=&#8220;true&#8220;][vc_column][mk_portfolio style=&#8220;grid&#8220; hover_scenarios=&#8220;fadebox&#8220; grid_spacing=&#8220;30&#8243; height=&#8220;350&#8243; column=&#8220;2&#8243; sortable=&#8220;false&#8220; pagination=&#8220;false&#8220; order=&#8220;ASC&#8220; posts=&#8220;185, 197, 201, 205&#8243;][\/vc_column][\/vc_row][mk_page_section bg_color=&#8220;#000000&#8243; min_height=&#8220;950&#8243; js_vertical_centered=&#8220;true&#8220; padding_top=&#8220;100&#8243; padding_bottom=&#8220;100&#8243; sidebar=&#8220;sidebar-1&#8243;][vc_column][mk_ornamental_title tag_name=&#8220;h3&#8243; text_color=&#8220;#00998f&#8220; font_family=&#8220;Niconne&#8220; font_type=&#8220;google&#8220; font_size=&#8220;90&#8243; font_weight=&#8220;400&#8243; txt_transform=&#8220;capitalize&#8220; ornament_style=&#8220;norman-short-double&#8220; nss_align=&#8220;center&#8220; ornament_color=&#8220;#00998f&#8220; margin_bottom=&#8220;30&#8243;]Referenzen[\/mk_ornamental_title][mk_padding_divider size=&#8220;30&#8243; visibility=&#8220;hidden-sm&#8220;][mk_padding_divider size=&#8220;30&#8243; visibility=&#8220;hidden-tl&#8220;][vc_row_inner][vc_column_inner width=&#8220;1\/3&#8243;][mk_fancy_title tag_name=&#8220;span&#8220; color=&#8220;#ffffff&#8220; size=&#8220;22&#8243; force_font_size=&#8220;true&#8220; size_tablet=&#8220;20&#8243; size_phone=&#8220;22&#8243; font_weight=&#8220;400&#8243; txt_transform=&#8220;capitalize&#8220; margin_bottom=&#8220;0&#8243; font_family=&#8220;none&#8220; align=&#8220;center&#8220;]FORUM Alt\u00f6tting[\/mk_fancy_title][mk_fancy_title tag_name=&#8220;span&#8220; color=&#8220;#ffffff&#8220; size=&#8220;22&#8243; force_font_size=&#8220;true&#8220; size_tablet=&#8220;20&#8243; size_phone=&#8220;22&#8243; font_weight=&#8220;400&#8243; txt_transform=&#8220;capitalize&#8220; margin_bottom=&#8220;0&#8243; font_family=&#8220;none&#8220; align=&#8220;center&#8220;]Porschezentrum Alt\u00f6tting[\/mk_fancy_title][mk_fancy_title tag_name=&#8220;span&#8220; color=&#8220;#ffffff&#8220; size=&#8220;22&#8243; force_font_size=&#8220;true&#8220; size_tablet=&#8220;20&#8243; size_phone=&#8220;22&#8243; font_weight=&#8220;400&#8243; txt_transform=&#8220;capitalize&#8220; margin_bottom=&#8220;0&#8243; font_family=&#8220;none&#8220; align=&#8220;center&#8220;]Baader-Bank M\u00fcnchen[\/mk_fancy_title][\/vc_column_inner][vc_column_inner width=&#8220;1\/3&#8243;][mk_padding_divider size=&#8220;30&#8243; visibility=&#8220;visible-sm&#8220;][mk_fancy_title tag_name=&#8220;span&#8220; color=&#8220;#ffffff&#8220; size=&#8220;22&#8243; force_font_size=&#8220;true&#8220; size_tablet=&#8220;20&#8243; size_phone=&#8220;22&#8243; font_weight=&#8220;400&#8243; txt_transform=&#8220;capitalize&#8220; margin_bottom=&#8220;0&#8243; font_family=&#8220;none&#8220; align=&#8220;center&#8220;]AVP-Automobilgruppe[\/mk_fancy_title][mk_fancy_title tag_name=&#8220;span&#8220; color=&#8220;#ffffff&#8220; size=&#8220;22&#8243; force_font_size=&#8220;true&#8220; size_tablet=&#8220;20&#8243; size_phone=&#8220;22&#8243; font_weight=&#8220;400&#8243; txt_transform=&#8220;capitalize&#8220; margin_bottom=&#8220;0&#8243; font_family=&#8220;none&#8220; align=&#8220;center&#8220;]Wacker Chemie AG[\/mk_fancy_title][mk_fancy_title tag_name=&#8220;span&#8220; color=&#8220;#ffffff&#8220; size=&#8220;22&#8243; force_font_size=&#8220;true&#8220; size_tablet=&#8220;20&#8243; size_phone=&#8220;22&#8243; font_weight=&#8220;400&#8243; txt_transform=&#8220;capitalize&#8220; margin_bottom=&#8220;0&#8243; font_family=&#8220;none&#8220; align=&#8220;center&#8220;]OMV[\/mk_fancy_title][\/vc_column_inner][vc_column_inner width=&#8220;1\/3&#8243;][mk_padding_divider size=&#8220;30&#8243; visibility=&#8220;visible-sm&#8220;][mk_fancy_title tag_name=&#8220;span&#8220; color=&#8220;#ffffff&#8220; size=&#8220;22&#8243; force_font_size=&#8220;true&#8220; size_tablet=&#8220;20&#8243; size_phone=&#8220;22&#8243; font_weight=&#8220;400&#8243; txt_transform=&#8220;capitalize&#8220; margin_bottom=&#8220;0&#8243; font_family=&#8220;none&#8220; align=&#8220;center&#8220;]Elektro R\u00f6sler[\/mk_fancy_title][mk_fancy_title tag_name=&#8220;span&#8220; color=&#8220;#ffffff&#8220; size=&#8220;22&#8243; force_font_size=&#8220;true&#8220; size_tablet=&#8220;20&#8243; size_phone=&#8220;22&#8243; font_weight=&#8220;400&#8243; txt_transform=&#8220;capitalize&#8220; margin_bottom=&#8220;0&#8243; font_family=&#8220;none&#8220; align=&#8220;center&#8220;]ViscoTec[\/mk_fancy_title][mk_fancy_title tag_name=&#8220;span&#8220; color=&#8220;#ffffff&#8220; size=&#8220;22&#8243; force_font_size=&#8220;true&#8220; size_tablet=&#8220;20&#8243; size_phone=&#8220;22&#8243; font_weight=&#8220;400&#8243; txt_transform=&#8220;capitalize&#8220; margin_bottom=&#8220;0&#8243; font_family=&#8220;none&#8220; align=&#8220;center&#8220;]verschied. Geburtstagsfeiern[\/mk_fancy_title][\/vc_column_inner][\/vc_row_inner][\/vc_column][\/mk_page_section][vc_row][vc_column][mk_padding_divider][\/vc_column][\/vc_row][vc_row][vc_column][mk_padding_divider][\/vc_column][\/vc_row][mk_page_section bg_color=&#8220;#0a0a09&#8243; bg_position=&#8220;center center&#8220; bg_repeat=&#8220;no-repeat&#8220; min_height=&#8220;470&#8243; js_vertical_centered=&#8220;true&#8220; sidebar=&#8220;sidebar-1&#8243;][vc_column][vc_row_inner][vc_column_inner][mk_fancy_title color=&#8220;#ffffff&#8220; size=&#8220;45&#8243; force_font_size=&#8220;true&#8220; size_tablet=&#8220;40&#8243; font_weight=&#8220;bold&#8220; txt_transform=&#8220;none&#8220; letter_spacing=&#8220;1&#8243; margin_bottom=&#8220;0&#8243; font_family=&#8220;Playfair+Display&#8220; font_type=&#8220;google&#8220; align=&#8220;center&#8220;]Alles, was Sie jetzt noch brauchen, ist ein Termin[\/mk_fancy_title][\/vc_column_inner][\/vc_row_inner][mk_button dimension=&#8220;flat&#8220; url=&#8220;http:\/\/gum-catering.de\/catering\/kontakt\/&#8220; align=&#8220;center&#8220;]Kontakt zu uns[\/mk_button][\/vc_column][\/mk_page_section]\n","protected":false},"excerpt":{"rendered":"<p>[mk_page_section bg_position=&#8220;center center&#8220; bg_repeat=&#8220;no-repeat&#8220; bg_stretch=&#8220;true&#8220; min_height=&#8220;1150&#8243; sidebar=&#8220;sidebar-1&#8243;][vc_column][rev_slider_vc alias=&#8220;header&#8220;][\/vc_column][\/mk_page_section][vc_row][vc_column][mk_padding_divider size=&#8220;30&#8243; visibility=&#8220;hidden-sm&#8220;][\/vc_column][\/vc_row][mk_page_section layout_structure=&#8220;half_right&#8220; bg_image=&#8220;http:\/\/gum-catering.de\/catering\/wp-content\/uploads\/2018\/03\/dsc_3679.jpg&#8220; bg_color=&#8220;#000000&#8243; min_height=&#8220;740&#8243;][vc_column][mk_padding_divider size=&#8220;50&#8243; visibility=&#8220;hidden-sm&#8220;][mk_fancy_title tag_name=&#8220;h3&#8243; color=&#8220;#00998f&#8220; size=&#8220;62&#8243; force_font_size=&#8220;true&#8220; size_tablet=&#8220;50&#8243; size_phone=&#8220;65&#8243; font_weight=&#8220;400&#8243; txt_transform=&#8220;capitalize&#8220; font_family=&#8220;Niconne&#8220; font_type=&#8220;google&#8220;]\u00fcber uns[\/mk_fancy_title][mk_fancy_title tag_name=&#8220;span&#8220; color=&#8220;#ffffff&#8220; size=&#8220;20&#8243; force_font_size=&#8220;true&#8220; size_tablet=&#8220;16&#8243; size_phone=&#8220;20&#8243; line_height=&#8220;170&#8243; font_weight=&#8220;400&#8243; font_style=&#8220;normal&#8220; txt_transform=&#8220;none&#8220; font_family=&#8220;Lato&#8220; font_type=&#8220;google&#8220;] Sie suchen f\u00fcr Ihre Veranstaltung mehr als nur gutes Essen und wollen Ihre G\u00e4ste mit originellen [&hellip;]<\/p>\n","protected":false},"author":1,"featured_media":0,"parent":0,"menu_order":0,"comment_status":"closed","ping_status":"closed","template":"","meta":[],"_links":{"self":[{"href":"http:\/\/gum-catering.de\/catering\/wp-json\/wp\/v2\/pages\/5"}],"collection":[{"href":"http:\/\/gum-catering.de\/catering\/wp-json\/wp\/v2\/pages"}],"about":[{"href":"http:\/\/gum-catering.de\/catering\/wp-json\/wp\/v2\/types\/page"}],"author":[{"embeddable":true,"href":"http:\/\/gum-catering.de\/catering\/wp-json\/wp\/v2\/users\/1"}],"replies":[{"embeddable":true,"href":"http:\/\/gum-catering.de\/catering\/wp-json\/wp\/v2\/comments?post=5"}],"version-history":[{"count":90,"href":"http:\/\/gum-catering.de\/catering\/wp-json\/wp\/v2\/pages\/5\/revisions"}],"predecessor-version":[{"id":344,"href":"http:\/\/gum-catering.de\/catering\/wp-json\/wp\/v2\/pages\/5\/revisions\/344"}],"wp:attachment":[{"href":"http:\/\/gum-catering.de\/catering\/wp-json\/wp\/v2\/media?parent=5"}],"curies":[{"name":"wp","href":"https:\/\/api.w.org\/{rel}","templated":true}]}}